{"id":4975,"date":"2019-03-21T13:32:59","date_gmt":"2019-03-21T13:32:59","guid":{"rendered":"https:\/\/kivikuvand.ee\/contact\/"},"modified":"2024-03-01T08:47:31","modified_gmt":"2024-03-01T08:47:31","slug":"contact","status":"publish","type":"page","link":"https:\/\/kivikuvand.ee\/en\/contact\/","title":{"rendered":"Contact"},"content":{"rendered":"\t\t<div data-elementor-type=\"wp-post\" data-elementor-id=\"4975\" class=\"elementor elementor-4975 elementor-1833\">\n\t\t\t\t<div class=\"elementor-element elementor-element-ddce07b e-flex e-con-boxed e-con e-parent\" data-id=\"ddce07b\" data-element_type=\"container\" data-e-type=\"container\" data-settings=\"{&quot;background_background&quot;:&quot;classic&quot;}\">\n\t\t\t\t\t<div class=\"e-con-inner\">\n\t\t\t\t<div class=\"elementor-element elementor-element-f780f57 elementor-widget elementor-widget-heading\" data-id=\"f780f57\" data-element_type=\"widget\" data-e-type=\"widget\" data-widget_type=\"heading.default\">\n\t\t\t\t<div class=\"elementor-widget-container\">\n\t\t\t\t\t<h1 class=\"elementor-heading-title elementor-size-default\">Contact us<\/h1>\t\t\t\t<\/div>\n\t\t\t\t<\/div>\n\t\t\t\t<div class=\"elementor-element elementor-element-a1b7cf6 elementor-widget-divider--view-line elementor-widget elementor-widget-divider\" data-id=\"a1b7cf6\" data-element_type=\"widget\" data-e-type=\"widget\" data-widget_type=\"divider.default\">\n\t\t\t\t<div class=\"elementor-widget-container\">\n\t\t\t\t\t\t\t<div class=\"elementor-divider\">\n\t\t\t<span class=\"elementor-divider-separator\">\n\t\t\t\t\t\t<\/span>\n\t\t<\/div>\n\t\t\t\t\t\t<\/div>\n\t\t\t\t<\/div>\n\t\t\t\t\t<\/div>\n\t\t\t\t<\/div>\n\t\t<div class=\"elementor-element elementor-element-fae7a2c e-flex e-con-boxed e-con e-parent\" data-id=\"fae7a2c\" data-element_type=\"container\" data-e-type=\"container\" data-settings=\"{&quot;background_background&quot;:&quot;classic&quot;}\">\n\t\t\t\t\t<div class=\"e-con-inner\">\n\t\t<div class=\"elementor-element elementor-element-ed728dd e-con-full e-flex e-con e-child\" data-id=\"ed728dd\" data-element_type=\"container\" data-e-type=\"container\">\n\t\t\t\t<div class=\"elementor-element elementor-element-0c487ab elementor-widget elementor-widget-text-editor\" data-id=\"0c487ab\" data-element_type=\"widget\" data-e-type=\"widget\" data-widget_type=\"text-editor.default\">\n\t\t\t\t<div class=\"elementor-widget-container\">\n\t\t\t\t\t\t\t\t\t<h5>Osa\u00fching Kivikuvand<\/h5>\n<p>Registration number: 11438834<\/p>\n<h5>Phone number<\/h5>\n<h5> <\/h5>\n<p>Andrus Sibul<br \/><a href=\"tel:+372%2055%2078%20567\">+372 55 78 567<\/a><\/p>\n<p>Marek Saksing<br \/><a href=\"tel:+372%2055%20588%20500\">+372 55 588 500<\/a><\/p>\n<h5>E-mail<\/h5>\n<h5> <\/h5>\n<p><a href=\"mailto:info@kivikuvand.ee\">info@kivikuvand.ee<\/a><\/p>\n\t\t\t\t\t\t\t\t<\/div>\n\t\t\t\t<\/div>\n\t\t\t\t<div class=\"elementor-element elementor-element-e362ce3 e-grid-align-left e-grid-align-mobile-center elementor-shape-rounded elementor-grid-0 elementor-widget elementor-widget-social-icons\" data-id=\"e362ce3\" data-element_type=\"widget\" data-e-type=\"widget\" data-widget_type=\"social-icons.default\">\n\t\t\t\t<div class=\"elementor-widget-container\">\n\t\t\t\t\t\t\t<div class=\"elementor-social-icons-wrapper elementor-grid\">\n\t\t\t\t\t\t\t<span class=\"elementor-grid-item\">\n\t\t\t\t\t<a class=\"elementor-icon elementor-social-icon elementor-social-icon-facebook elementor-repeater-item-5091331\" href=\"https:\/\/www.facebook.com\/kivikuvand\/\">\n\t\t\t\t\t\t<span class=\"elementor-screen-only\">Facebook<\/span>\n\t\t\t\t\t\t<i aria-hidden=\"true\" class=\"fab fa-facebook\"><\/i>\t\t\t\t\t<\/a>\n\t\t\t\t<\/span>\n\t\t\t\t\t<\/div>\n\t\t\t\t\t\t<\/div>\n\t\t\t\t<\/div>\n\t\t\t\t<\/div>\n\t\t<div class=\"elementor-element elementor-element-edf9761 e-con-full e-flex e-con e-child\" data-id=\"edf9761\" data-element_type=\"container\" data-e-type=\"container\">\n\t\t\t\t<div class=\"elementor-element elementor-element-9ed38ef elementor-widget elementor-widget-heading\" data-id=\"9ed38ef\" data-element_type=\"widget\" data-e-type=\"widget\" data-widget_type=\"heading.default\">\n\t\t\t\t<div class=\"elementor-widget-container\">\n\t\t\t\t\t<h3 class=\"elementor-heading-title elementor-size-default\">Ask for an offer<\/h3>\t\t\t\t<\/div>\n\t\t\t\t<\/div>\n\t\t\t\t<div class=\"elementor-element elementor-element-cd179b9 elementor-widget-mobile__width-initial elementor-widget elementor-widget-wpforms\" data-id=\"cd179b9\" data-element_type=\"widget\" data-e-type=\"widget\" data-widget_type=\"wpforms.default\">\n\t\t\t\t<div class=\"elementor-widget-container\">\n\t\t\t\t\t<div class=\"wpforms-container \" id=\"wpforms-2053\"><form id=\"wpforms-form-2053\" class=\"wpforms-validate wpforms-form wpforms-ajax-form\" data-formid=\"2053\" method=\"post\" enctype=\"multipart\/form-data\" action=\"\/en\/wp-json\/wp\/v2\/pages\/4975\" data-token=\"2fe93435d25b8503e07f88ce3e1d3898\" data-token-time=\"1776227521\"><noscript class=\"wpforms-error-noscript\">Please enable JavaScript in your browser to complete this form.<\/noscript><div class=\"wpforms-field-container\"><div id=\"wpforms-2053-field_0-container\" class=\"wpforms-field wpforms-field-name\" data-field-id=\"0\"><label class=\"wpforms-field-label\" for=\"wpforms-2053-field_0\">Name<\/label><input type=\"text\" id=\"wpforms-2053-field_0\" class=\"wpforms-field-medium\" name=\"wpforms[fields][0]\" ><\/div><div id=\"wpforms-2053-field_1-container\" class=\"wpforms-field wpforms-field-email\" data-field-id=\"1\"><label class=\"wpforms-field-label\" for=\"wpforms-2053-field_1\">E-mail address<\/label><input type=\"email\" id=\"wpforms-2053-field_1\" class=\"wpforms-field-medium\" name=\"wpforms[fields][1]\" spellcheck=\"false\" ><\/div><div id=\"wpforms-2053-field_2-container\" class=\"wpforms-field wpforms-field-textarea\" data-field-id=\"2\"><label class=\"wpforms-field-label\" for=\"wpforms-2053-field_2\">Message<\/label><textarea id=\"wpforms-2053-field_2\" class=\"wpforms-field-medium\" name=\"wpforms[fields][2]\" ><\/textarea><\/div><\/div><!-- .wpforms-field-container --><div class=\"wpforms-recaptcha-container wpforms-is-recaptcha wpforms-is-recaptcha-type-invisible\" ><div class=\"g-recaptcha\" data-sitekey=\"6Ldsjl8pAAAAAL8WQRiw-8X1IPIgcuy07bLsz16f\" data-size=\"invisible\"><\/div><\/div><div class=\"wpforms-submit-container\" ><input type=\"hidden\" name=\"wpforms[id]\" value=\"2053\"><input type=\"hidden\" name=\"page_title\" value=\"\"><input type=\"hidden\" name=\"page_url\" value=\"https:\/\/kivikuvand.ee\/en\/wp-json\/wp\/v2\/pages\/4975\"><input type=\"hidden\" name=\"url_referer\" value=\"\"><button type=\"submit\" name=\"wpforms[submit]\" id=\"wpforms-submit-2053\" class=\"wpforms-submit\" data-alt-text=\"Sending...\" data-submit-text=\"Send\" aria-live=\"assertive\" value=\"wpforms-submit\">Send<\/button><img decoding=\"async\" src=\"https:\/\/kivikuvand.ee\/wp-content\/plugins\/wpforms-lite\/assets\/images\/submit-spin.svg\" class=\"wpforms-submit-spinner\" style=\"display: none;\" width=\"26\" height=\"26\" alt=\"Loading\"><\/div><\/form><\/div>  <!-- .wpforms-container -->\t\t\t\t<\/div>\n\t\t\t\t<\/div>\n\t\t\t\t<\/div>\n\t\t\t\t\t<\/div>\n\t\t\t\t<\/div>\n\t\t<div class=\"elementor-element elementor-element-a8efa02 e-flex e-con-boxed e-con e-parent\" data-id=\"a8efa02\" data-element_type=\"container\" data-e-type=\"container\" data-settings=\"{&quot;background_background&quot;:&quot;classic&quot;}\">\n\t\t\t\t\t<div class=\"e-con-inner\">\n\t\t<div class=\"elementor-element elementor-element-d431015 e-con-full e-flex e-con e-child\" data-id=\"d431015\" data-element_type=\"container\" data-e-type=\"container\">\n\t\t\t\t<div class=\"elementor-element elementor-element-1bbc82f elementor-widget-divider--view-line elementor-widget elementor-widget-divider\" data-id=\"1bbc82f\" data-element_type=\"widget\" data-e-type=\"widget\" data-widget_type=\"divider.default\">\n\t\t\t\t<div class=\"elementor-widget-container\">\n\t\t\t\t\t\t\t<div class=\"elementor-divider\">\n\t\t\t<span class=\"elementor-divider-separator\">\n\t\t\t\t\t\t<\/span>\n\t\t<\/div>\n\t\t\t\t\t\t<\/div>\n\t\t\t\t<\/div>\n\t\t\t\t<div class=\"elementor-element elementor-element-d4e72bd elementor-widget__width-initial elementor-widget elementor-widget-text-editor\" data-id=\"d4e72bd\" data-element_type=\"widget\" data-e-type=\"widget\" data-widget_type=\"text-editor.default\">\n\t\t\t\t<div class=\"elementor-widget-container\">\n\t\t\t\t\t\t\t\t\t<h3>Office<\/h3>\n<h5> <\/h5>\n<p>J\u00f5geva, J\u00f5geva, Aia tn 23-4, 48304<\/p>\n\t\t\t\t\t\t\t\t<\/div>\n\t\t\t\t<\/div>\n\t\t\t\t<div class=\"elementor-element elementor-element-b2b3498 elementor-widget elementor-widget-google_maps\" data-id=\"b2b3498\" data-element_type=\"widget\" data-e-type=\"widget\" data-widget_type=\"google_maps.default\">\n\t\t\t\t<div class=\"elementor-widget-container\">\n\t\t\t\t\t\t\t<div class=\"elementor-custom-embed\">\n\t\t\t<iframe loading=\"lazy\"\n\t\t\t\t\tsrc=\"https:\/\/maps.google.com\/maps?q=J%C3%B5geva%20maakond%2C%20J%C3%B5geva%20vald%2C%20J%C3%B5geva%20linn%2C%20Aia%20tn%2023-4%2C%2048304&#038;t=m&#038;z=13&#038;output=embed&#038;iwloc=near\"\n\t\t\t\t\ttitle=\"J\u00f5geva maakond, J\u00f5geva vald, J\u00f5geva linn, Aia tn 23-4, 48304\"\n\t\t\t\t\taria-label=\"J\u00f5geva maakond, J\u00f5geva vald, J\u00f5geva linn, Aia tn 23-4, 48304\"\n\t\t\t><\/iframe>\n\t\t<\/div>\n\t\t\t\t\t\t<\/div>\n\t\t\t\t<\/div>\n\t\t\t\t<\/div>\n\t\t<div class=\"elementor-element elementor-element-71c11a1 e-con-full e-flex e-con e-child\" data-id=\"71c11a1\" data-element_type=\"container\" data-e-type=\"container\">\n\t\t\t\t<div class=\"elementor-element elementor-element-353382e elementor-widget-divider--view-line elementor-widget elementor-widget-divider\" data-id=\"353382e\" data-element_type=\"widget\" data-e-type=\"widget\" data-widget_type=\"divider.default\">\n\t\t\t\t<div class=\"elementor-widget-container\">\n\t\t\t\t\t\t\t<div class=\"elementor-divider\">\n\t\t\t<span class=\"elementor-divider-separator\">\n\t\t\t\t\t\t<\/span>\n\t\t<\/div>\n\t\t\t\t\t\t<\/div>\n\t\t\t\t<\/div>\n\t\t\t\t<div class=\"elementor-element elementor-element-826dd78 elementor-widget elementor-widget-text-editor\" data-id=\"826dd78\" data-element_type=\"widget\" data-e-type=\"widget\" data-widget_type=\"text-editor.default\">\n\t\t\t\t<div class=\"elementor-widget-container\">\n\t\t\t\t\t\t\t\t\t<h3>Warehouse<\/h3>\n<h5> <\/h5>\n<p>J\u00f5geva, Suur tn 84a, 48306<\/p>\n\t\t\t\t\t\t\t\t<\/div>\n\t\t\t\t<\/div>\n\t\t\t\t<div class=\"elementor-element elementor-element-10e68b4 elementor-widget elementor-widget-google_maps\" data-id=\"10e68b4\" data-element_type=\"widget\" data-e-type=\"widget\" data-widget_type=\"google_maps.default\">\n\t\t\t\t<div class=\"elementor-widget-container\">\n\t\t\t\t\t\t\t<div class=\"elementor-custom-embed\">\n\t\t\t<iframe loading=\"lazy\"\n\t\t\t\t\tsrc=\"https:\/\/maps.google.com\/maps?q=J%C3%B5geva%20maakond%2C%20J%C3%B5geva%20vald%2C%20J%C3%B5geva%20linn%2C%20Suur%20tn%2084a%2C%2048306&#038;t=m&#038;z=13&#038;output=embed&#038;iwloc=near\"\n\t\t\t\t\ttitle=\"J\u00f5geva maakond, J\u00f5geva vald, J\u00f5geva linn, Suur tn 84a, 48306\"\n\t\t\t\t\taria-label=\"J\u00f5geva maakond, J\u00f5geva vald, J\u00f5geva linn, Suur tn 84a, 48306\"\n\t\t\t><\/iframe>\n\t\t<\/div>\n\t\t\t\t\t\t<\/div>\n\t\t\t\t<\/div>\n\t\t\t\t<\/div>\n\t\t\t\t\t<\/div>\n\t\t\t\t<\/div>\n\t\t\t\t<\/div>\n\t\t","protected":false},"excerpt":{"rendered":"<p>Contact us Osa\u00fching Kivikuvand Registration number: 11438834 Phone number Andrus Sibul+372 55 78 567 Marek Saksing+372 55 588 500 E-mail info@kivikuvand.ee Facebook Ask for an offer Please enable JavaScript in your browser to complete this form.NimiMeiliaadressS\u00f5numSaada Office J\u00f5geva, J\u00f5geva, Aia tn 23-4, 48304 Warehouse J\u00f5geva, Suur tn 84a, 48306<\/p>\n","protected":false},"author":5,"featured_media":0,"parent":0,"menu_order":0,"comment_status":"closed","ping_status":"closed","template":"elementor_header_footer","meta":{"_monsterinsights_skip_tracking":false,"_monsterinsights_sitenote_active":false,"_monsterinsights_sitenote_note":"","_monsterinsights_sitenote_category":0,"site-sidebar-layout":"no-sidebar","site-content-layout":"page-builder","ast-site-content-layout":"full-width-container","site-content-style":"unboxed","site-sidebar-style":"unboxed","ast-global-header-display":"","ast-banner-title-visibility":"","ast-main-header-display":"","ast-hfb-above-header-display":"","ast-hfb-below-header-display":"","ast-hfb-mobile-header-display":"","site-post-title":"disabled","ast-breadcrumbs-content":"","ast-featured-img":"disabled","footer-sml-layout":"","ast-disable-related-posts":"","theme-transparent-header-meta":"default","adv-header-id-meta":"","stick-header-meta":"","header-above-stick-meta":"","header-main-stick-meta":"","header-below-stick-meta":"","astra-migrate-meta-layouts":"default","ast-page-background-enabled":"default","ast-page-background-meta":{"desktop":{"background-color":"","background-image":"","background-repeat":"repeat","background-position":"center center","background-size":"auto","background-attachment":"scroll","background-type":"","background-media":"","overlay-type":"","overlay-color":"","overlay-opacity":"","overlay-gradient":""},"tablet":{"background-color":"","background-image":"","background-repeat":"repeat","background-position":"center center","background-size":"auto","background-attachment":"scroll","background-type":"","background-media":"","overlay-type":"","overlay-color":"","overlay-opacity":"","overlay-gradient":""},"mobile":{"background-color":"","background-image":"","background-repeat":"repeat","background-position":"center center","background-size":"auto","background-attachment":"scroll","background-type":"","background-media":"","overlay-type":"","overlay-color":"","overlay-opacity":"","overlay-gradient":""}},"ast-content-background-meta":{"desktop":{"background-color":"var(--ast-global-color-5)","background-image":"","background-repeat":"repeat","background-position":"center center","background-size":"auto","background-attachment":"scroll","background-type":"","background-media":"","overlay-type":"","overlay-color":"","overlay-opacity":"","overlay-gradient":""},"tablet":{"background-color":"var(--ast-global-color-5)","background-image":"","background-repeat":"repeat","background-position":"center center","background-size":"auto","background-attachment":"scroll","background-type":"","background-media":"","overlay-type":"","overlay-color":"","overlay-opacity":"","overlay-gradient":""},"mobile":{"background-color":"var(--ast-global-color-5)","background-image":"","background-repeat":"repeat","background-position":"center center","background-size":"auto","background-attachment":"scroll","background-type":"","background-media":"","overlay-type":"","overlay-color":"","overlay-opacity":"","overlay-gradient":""}},"footnotes":""},"class_list":["post-4975","page","type-page","status-publish","hentry"],"yoast_head":"<!-- This site is optimized with the Yoast SEO plugin v27.4 - https:\/\/yoast.com\/product\/yoast-seo-wordpress\/ -->\n<title>Contact | Kivikuvand<\/title>\n<meta name=\"description\" content=\"Contact details of the rock art. Feel free to contact us!\" \/>\n<meta name=\"robots\" content=\"index, follow, max-snippet:-1, max-image-preview:large, max-video-preview:-1\" \/>\n<link rel=\"canonical\" href=\"https:\/\/kivikuvand.ee\/en\/contact\/\" \/>\n<meta property=\"og:locale\" content=\"en_US\" \/>\n<meta property=\"og:type\" content=\"article\" \/>\n<meta property=\"og:title\" content=\"Contact | Kivikuvand\" \/>\n<meta property=\"og:description\" content=\"Contact details of the rock art. Feel free to contact us!\" \/>\n<meta property=\"og:url\" content=\"https:\/\/kivikuvand.ee\/en\/contact\/\" \/>\n<meta property=\"og:site_name\" content=\"Kivikuvand\" \/>\n<meta property=\"article:publisher\" content=\"https:\/\/www.facebook.com\/kivikuvand\/\" \/>\n<meta property=\"article:modified_time\" content=\"2024-03-01T08:47:31+00:00\" \/>\n<meta property=\"og:image\" content=\"https:\/\/kivikuvand.ee\/wp-content\/plugins\/wpforms-lite\/assets\/images\/submit-spin.svg\" \/>\n<meta name=\"twitter:card\" content=\"summary_large_image\" \/>\n<script type=\"application\/ld+json\" class=\"yoast-schema-graph\">{\"@context\":\"https:\\\/\\\/schema.org\",\"@graph\":[{\"@type\":\"WebPage\",\"@id\":\"https:\\\/\\\/kivikuvand.ee\\\/en\\\/contact\\\/\",\"url\":\"https:\\\/\\\/kivikuvand.ee\\\/en\\\/contact\\\/\",\"name\":\"Contact | Kivikuvand\",\"isPartOf\":{\"@id\":\"https:\\\/\\\/kivikuvand.ee\\\/en\\\/#website\"},\"primaryImageOfPage\":{\"@id\":\"https:\\\/\\\/kivikuvand.ee\\\/en\\\/contact\\\/#primaryimage\"},\"image\":{\"@id\":\"https:\\\/\\\/kivikuvand.ee\\\/en\\\/contact\\\/#primaryimage\"},\"thumbnailUrl\":\"https:\\\/\\\/kivikuvand.ee\\\/wp-content\\\/plugins\\\/wpforms-lite\\\/assets\\\/images\\\/submit-spin.svg\",\"datePublished\":\"2019-03-21T13:32:59+00:00\",\"dateModified\":\"2024-03-01T08:47:31+00:00\",\"description\":\"Contact details of the rock art. Feel free to contact us!\",\"breadcrumb\":{\"@id\":\"https:\\\/\\\/kivikuvand.ee\\\/en\\\/contact\\\/#breadcrumb\"},\"inLanguage\":\"en-US\",\"potentialAction\":[{\"@type\":\"ReadAction\",\"target\":[\"https:\\\/\\\/kivikuvand.ee\\\/en\\\/contact\\\/\"]}]},{\"@type\":\"ImageObject\",\"inLanguage\":\"en-US\",\"@id\":\"https:\\\/\\\/kivikuvand.ee\\\/en\\\/contact\\\/#primaryimage\",\"url\":\"https:\\\/\\\/kivikuvand.ee\\\/wp-content\\\/plugins\\\/wpforms-lite\\\/assets\\\/images\\\/submit-spin.svg\",\"contentUrl\":\"https:\\\/\\\/kivikuvand.ee\\\/wp-content\\\/plugins\\\/wpforms-lite\\\/assets\\\/images\\\/submit-spin.svg\"},{\"@type\":\"BreadcrumbList\",\"@id\":\"https:\\\/\\\/kivikuvand.ee\\\/en\\\/contact\\\/#breadcrumb\",\"itemListElement\":[{\"@type\":\"ListItem\",\"position\":1,\"name\":\"Home\",\"item\":\"https:\\\/\\\/kivikuvand.ee\\\/en\\\/homepage\\\/\"},{\"@type\":\"ListItem\",\"position\":2,\"name\":\"Contact\"}]},{\"@type\":\"WebSite\",\"@id\":\"https:\\\/\\\/kivikuvand.ee\\\/en\\\/#website\",\"url\":\"https:\\\/\\\/kivikuvand.ee\\\/en\\\/\",\"name\":\"Kivikuvand\",\"description\":\"\",\"publisher\":{\"@id\":\"https:\\\/\\\/kivikuvand.ee\\\/en\\\/#organization\"},\"potentialAction\":[{\"@type\":\"SearchAction\",\"target\":{\"@type\":\"EntryPoint\",\"urlTemplate\":\"https:\\\/\\\/kivikuvand.ee\\\/en\\\/?s={search_term_string}\"},\"query-input\":{\"@type\":\"PropertyValueSpecification\",\"valueRequired\":true,\"valueName\":\"search_term_string\"}}],\"inLanguage\":\"en-US\"},{\"@type\":\"Organization\",\"@id\":\"https:\\\/\\\/kivikuvand.ee\\\/en\\\/#organization\",\"name\":\"Kivikuvand\",\"url\":\"https:\\\/\\\/kivikuvand.ee\\\/en\\\/\",\"logo\":{\"@type\":\"ImageObject\",\"inLanguage\":\"en-US\",\"@id\":\"https:\\\/\\\/kivikuvand.ee\\\/en\\\/#\\\/schema\\\/logo\\\/image\\\/\",\"url\":\"https:\\\/\\\/kivikuvand.ee\\\/wp-content\\\/uploads\\\/2023\\\/12\\\/cropped-KIVIKUVAND-EDITABLE-02-scaled.png\",\"contentUrl\":\"https:\\\/\\\/kivikuvand.ee\\\/wp-content\\\/uploads\\\/2023\\\/12\\\/cropped-KIVIKUVAND-EDITABLE-02-scaled.png\",\"width\":4998,\"height\":2370,\"caption\":\"Kivikuvand\"},\"image\":{\"@id\":\"https:\\\/\\\/kivikuvand.ee\\\/en\\\/#\\\/schema\\\/logo\\\/image\\\/\"},\"sameAs\":[\"https:\\\/\\\/www.facebook.com\\\/kivikuvand\\\/\"]}]}<\/script>\n<!-- \/ Yoast SEO plugin. -->","yoast_head_json":{"title":"Contact | Kivikuvand","description":"Contact details of the rock art. Feel free to contact us!","robots":{"index":"index","follow":"follow","max-snippet":"max-snippet:-1","max-image-preview":"max-image-preview:large","max-video-preview":"max-video-preview:-1"},"canonical":"https:\/\/kivikuvand.ee\/en\/contact\/","og_locale":"en_US","og_type":"article","og_title":"Contact | Kivikuvand","og_description":"Contact details of the rock art. Feel free to contact us!","og_url":"https:\/\/kivikuvand.ee\/en\/contact\/","og_site_name":"Kivikuvand","article_publisher":"https:\/\/www.facebook.com\/kivikuvand\/","article_modified_time":"2024-03-01T08:47:31+00:00","og_image":[{"url":"https:\/\/kivikuvand.ee\/wp-content\/plugins\/wpforms-lite\/assets\/images\/submit-spin.svg","type":"","width":"","height":""}],"twitter_card":"summary_large_image","schema":{"@context":"https:\/\/schema.org","@graph":[{"@type":"WebPage","@id":"https:\/\/kivikuvand.ee\/en\/contact\/","url":"https:\/\/kivikuvand.ee\/en\/contact\/","name":"Contact | Kivikuvand","isPartOf":{"@id":"https:\/\/kivikuvand.ee\/en\/#website"},"primaryImageOfPage":{"@id":"https:\/\/kivikuvand.ee\/en\/contact\/#primaryimage"},"image":{"@id":"https:\/\/kivikuvand.ee\/en\/contact\/#primaryimage"},"thumbnailUrl":"https:\/\/kivikuvand.ee\/wp-content\/plugins\/wpforms-lite\/assets\/images\/submit-spin.svg","datePublished":"2019-03-21T13:32:59+00:00","dateModified":"2024-03-01T08:47:31+00:00","description":"Contact details of the rock art. Feel free to contact us!","breadcrumb":{"@id":"https:\/\/kivikuvand.ee\/en\/contact\/#breadcrumb"},"inLanguage":"en-US","potentialAction":[{"@type":"ReadAction","target":["https:\/\/kivikuvand.ee\/en\/contact\/"]}]},{"@type":"ImageObject","inLanguage":"en-US","@id":"https:\/\/kivikuvand.ee\/en\/contact\/#primaryimage","url":"https:\/\/kivikuvand.ee\/wp-content\/plugins\/wpforms-lite\/assets\/images\/submit-spin.svg","contentUrl":"https:\/\/kivikuvand.ee\/wp-content\/plugins\/wpforms-lite\/assets\/images\/submit-spin.svg"},{"@type":"BreadcrumbList","@id":"https:\/\/kivikuvand.ee\/en\/contact\/#breadcrumb","itemListElement":[{"@type":"ListItem","position":1,"name":"Home","item":"https:\/\/kivikuvand.ee\/en\/homepage\/"},{"@type":"ListItem","position":2,"name":"Contact"}]},{"@type":"WebSite","@id":"https:\/\/kivikuvand.ee\/en\/#website","url":"https:\/\/kivikuvand.ee\/en\/","name":"Kivikuvand","description":"","publisher":{"@id":"https:\/\/kivikuvand.ee\/en\/#organization"},"potentialAction":[{"@type":"SearchAction","target":{"@type":"EntryPoint","urlTemplate":"https:\/\/kivikuvand.ee\/en\/?s={search_term_string}"},"query-input":{"@type":"PropertyValueSpecification","valueRequired":true,"valueName":"search_term_string"}}],"inLanguage":"en-US"},{"@type":"Organization","@id":"https:\/\/kivikuvand.ee\/en\/#organization","name":"Kivikuvand","url":"https:\/\/kivikuvand.ee\/en\/","logo":{"@type":"ImageObject","inLanguage":"en-US","@id":"https:\/\/kivikuvand.ee\/en\/#\/schema\/logo\/image\/","url":"https:\/\/kivikuvand.ee\/wp-content\/uploads\/2023\/12\/cropped-KIVIKUVAND-EDITABLE-02-scaled.png","contentUrl":"https:\/\/kivikuvand.ee\/wp-content\/uploads\/2023\/12\/cropped-KIVIKUVAND-EDITABLE-02-scaled.png","width":4998,"height":2370,"caption":"Kivikuvand"},"image":{"@id":"https:\/\/kivikuvand.ee\/en\/#\/schema\/logo\/image\/"},"sameAs":["https:\/\/www.facebook.com\/kivikuvand\/"]}]}},"_links":{"self":[{"href":"https:\/\/kivikuvand.ee\/en\/wp-json\/wp\/v2\/pages\/4975","targetHints":{"allow":["GET"]}}],"collection":[{"href":"https:\/\/kivikuvand.ee\/en\/wp-json\/wp\/v2\/pages"}],"about":[{"href":"https:\/\/kivikuvand.ee\/en\/wp-json\/wp\/v2\/types\/page"}],"author":[{"embeddable":true,"href":"https:\/\/kivikuvand.ee\/en\/wp-json\/wp\/v2\/users\/5"}],"replies":[{"embeddable":true,"href":"https:\/\/kivikuvand.ee\/en\/wp-json\/wp\/v2\/comments?post=4975"}],"version-history":[{"count":5,"href":"https:\/\/kivikuvand.ee\/en\/wp-json\/wp\/v2\/pages\/4975\/revisions"}],"predecessor-version":[{"id":5331,"href":"https:\/\/kivikuvand.ee\/en\/wp-json\/wp\/v2\/pages\/4975\/revisions\/5331"}],"wp:attachment":[{"href":"https:\/\/kivikuvand.ee\/en\/wp-json\/wp\/v2\/media?parent=4975"}],"curies":[{"name":"wp","href":"https:\/\/api.w.org\/{rel}","templated":true}]}}